{"id":8,"date":"2016-04-02T18:56:52","date_gmt":"2016-04-02T18:56:52","guid":{"rendered":"http:\/\/www.studiograf.home.pl\/zabcia4\/?page_id=8"},"modified":"2018-06-08T13:56:21","modified_gmt":"2018-06-08T13:56:21","slug":"strona-glowna","status":"publish","type":"page","link":"https:\/\/www.zabcia.com.pl\/","title":{"rendered":"Strona g\u0142\u00f3wna"},"content":{"rendered":"<div id=\"pl-8\"  class=\"panel-layout\" ><div id=\"pg-8-0\"  class=\"panel-grid panel-has-style\" ><div class=\"panel-row-style panel-row-style-for-8-0\" ><div id=\"pgc-8-0-0\"  class=\"panel-grid-cell\" ><div id=\"panel-8-0-0-0\" class=\"so-panel widget widget_sow-hero panel-first-child\" data-index=\"0\" ><div class=\"so-widget-sow-hero so-widget-sow-hero-default-414f9072ed13-8 so-widget-fittext-wrapper\" data-fit-text-compressor=\"0.85\"><div class=\"sow-slider-base\" style=\"display: none\"><ul class=\"sow-slider-images\" data-settings=\"{&quot;pagination&quot;:true,&quot;speed&quot;:800,&quot;timeout&quot;:8000,&quot;paused&quot;:false,&quot;pause_on_hover&quot;:false,&quot;swipe&quot;:true,&quot;nav_always_show_desktop&quot;:&quot;&quot;,&quot;nav_always_show_mobile&quot;:&quot;&quot;,&quot;breakpoint&quot;:&quot;780px&quot;,&quot;unmute&quot;:false}\">\t\t<li class=\"sow-slider-image  sow-slider-image-cover\" style=\"background-color: #333333;background-image: url(https:\/\/www.zabcia.com.pl\/wp-content\/uploads\/2016\/04\/Zab4-01-copy.jpg)\" >\n\t\t\t\t\t<div class=\"sow-slider-image-container\">\n\t\t\t<div class=\"sow-slider-image-wrapper\">\n\t\t\t\t\t\t\t<\/div>\n\t\t<\/div>\n\t\t\t\t<\/li>\n\t\t\t\t<li class=\"sow-slider-image  sow-slider-image-cover\" style=\"background-color: #333333;background-image: url(https:\/\/www.zabcia.com.pl\/wp-content\/uploads\/2016\/04\/Zab100.jpg)\" >\n\t\t\t\t\t<div class=\"sow-slider-image-container\">\n\t\t\t<div class=\"sow-slider-image-wrapper\">\n\t\t\t\t\t\t\t<\/div>\n\t\t<\/div>\n\t\t\t\t<\/li>\n\t\t\t\t<li class=\"sow-slider-image  sow-slider-image-cover\" style=\"background-color: #333333;background-image: url(https:\/\/www.zabcia.com.pl\/wp-content\/uploads\/2016\/04\/Zab4-03-copy.jpg)\" >\n\t\t\t\t\t<div class=\"sow-slider-image-container\">\n\t\t\t<div class=\"sow-slider-image-wrapper\">\n\t\t\t\t\t\t\t<\/div>\n\t\t<\/div>\n\t\t\t\t<\/li>\n\t\t<\/ul>\t\t\t\t<ol class=\"sow-slider-pagination\">\n\t\t\t\t\t\t\t\t\t\t\t<li><a href=\"#\" data-goto=\"0\" aria-label=\"display slide 1\"><\/a><\/li>\n\t\t\t\t\t\t\t\t\t\t\t<li><a href=\"#\" data-goto=\"1\" aria-label=\"display slide 2\"><\/a><\/li>\n\t\t\t\t\t\t\t\t\t\t\t<li><a href=\"#\" data-goto=\"2\" aria-label=\"display slide 3\"><\/a><\/li>\n\t\t\t\t\t\t\t\t\t<\/ol>\n\n\t\t\t\t<div class=\"sow-slide-nav sow-slide-nav-next\">\n\t\t\t\t\t<a href=\"#\" data-goto=\"next\" aria-label=\"next slide\" data-action=\"next\">\n\t\t\t\t\t\t<em class=\"sow-sld-icon-ultra-thin-rounded-right\"><\/em>\n\t\t\t\t\t<\/a>\n\t\t\t\t<\/div>\n\n\t\t\t\t<div class=\"sow-slide-nav sow-slide-nav-prev\">\n\t\t\t\t\t<a href=\"#\" data-goto=\"previous\" aria-label=\"previous slide\" data-action=\"prev\">\n\t\t\t\t\t\t<em class=\"sow-sld-icon-ultra-thin-rounded-left\"><\/em>\n\t\t\t\t\t<\/a>\n\t\t\t\t<\/div>\n\t\t\t\t<\/div><\/div><\/div><div id=\"panel-8-0-0-1\" class=\"so-panel widget widget_sow-editor panel-last-child\" data-index=\"1\" ><div class=\"so-widget-sow-editor so-widget-sow-editor-base\"><h3 class=\"widget-title\">Us\u0142ugi asenizacyjne, wyw\u00f3z nieczysto\u015bci p\u0142ynnych<\/h3>\n<div class=\"siteorigin-widget-tinymce textwidget\">\n\t<p style=\"text-align: left;\">Realizujemy us\u0142ugi wywozu p\u0142ynnych odpad\u00f3w komunalnych na rzecz klient\u00f3w instytucjonalnych oraz os\u00f3b prywatnych na wyznaczonym terenie w ramach um\u00f3w sta\u0142ych wg ustalonego harmonogramu wywozu b\u0105d\u017a na zlecenia dora\u017ane.<\/p>\n<p style=\"text-align: left;\"><span style=\"color: #f46455;\"><em><strong><a href=\"?page_id=37\">Czytaj dalej<\/a><br \/><\/strong><\/em><\/span><\/p>\n<\/div>\n<\/div><\/div><\/div><div id=\"pgc-8-0-1\"  class=\"panel-grid-cell\" ><div id=\"panel-8-0-1-0\" class=\"so-panel widget widget_sow-hero panel-first-child\" data-index=\"2\" ><div class=\"so-widget-sow-hero so-widget-sow-hero-default-414f9072ed13-8 so-widget-fittext-wrapper\" data-fit-text-compressor=\"0.85\"><div class=\"sow-slider-base\" style=\"display: none\"><ul class=\"sow-slider-images\" data-settings=\"{&quot;pagination&quot;:true,&quot;speed&quot;:800,&quot;timeout&quot;:8000,&quot;paused&quot;:false,&quot;pause_on_hover&quot;:false,&quot;swipe&quot;:true,&quot;nav_always_show_desktop&quot;:&quot;&quot;,&quot;nav_always_show_mobile&quot;:&quot;&quot;,&quot;breakpoint&quot;:&quot;780px&quot;,&quot;unmute&quot;:false}\">\t\t<li class=\"sow-slider-image  sow-slider-image-cover\" style=\"background-color: #333333;background-image: url(https:\/\/www.zabcia.com.pl\/wp-content\/uploads\/2016\/04\/Zab4-11-copy.jpg)\" >\n\t\t\t\t\t<div class=\"sow-slider-image-container\">\n\t\t\t<div class=\"sow-slider-image-wrapper\">\n\t\t\t\t\t\t\t<\/div>\n\t\t<\/div>\n\t\t\t\t<\/li>\n\t\t\t\t<li class=\"sow-slider-image  sow-slider-image-cover\" style=\"background-color: #333333;background-image: url(https:\/\/www.zabcia.com.pl\/wp-content\/uploads\/2016\/04\/Zab4-12-copy.jpg)\" >\n\t\t\t\t\t<div class=\"sow-slider-image-container\">\n\t\t\t<div class=\"sow-slider-image-wrapper\">\n\t\t\t\t\t\t\t<\/div>\n\t\t<\/div>\n\t\t\t\t<\/li>\n\t\t\t\t<li class=\"sow-slider-image  sow-slider-image-cover\" style=\"background-color: #333333;background-image: url(https:\/\/www.zabcia.com.pl\/wp-content\/uploads\/2016\/04\/Zab4-13-copy-1.jpg)\" >\n\t\t\t\t\t<div class=\"sow-slider-image-container\">\n\t\t\t<div class=\"sow-slider-image-wrapper\">\n\t\t\t\t\t\t\t<\/div>\n\t\t<\/div>\n\t\t\t\t<\/li>\n\t\t<\/ul>\t\t\t\t<ol class=\"sow-slider-pagination\">\n\t\t\t\t\t\t\t\t\t\t\t<li><a href=\"#\" data-goto=\"0\" aria-label=\"display slide 1\"><\/a><\/li>\n\t\t\t\t\t\t\t\t\t\t\t<li><a href=\"#\" data-goto=\"1\" aria-label=\"display slide 2\"><\/a><\/li>\n\t\t\t\t\t\t\t\t\t\t\t<li><a href=\"#\" data-goto=\"2\" aria-label=\"display slide 3\"><\/a><\/li>\n\t\t\t\t\t\t\t\t\t<\/ol>\n\n\t\t\t\t<div class=\"sow-slide-nav sow-slide-nav-next\">\n\t\t\t\t\t<a href=\"#\" data-goto=\"next\" aria-label=\"next slide\" data-action=\"next\">\n\t\t\t\t\t\t<em class=\"sow-sld-icon-thin-right\"><\/em>\n\t\t\t\t\t<\/a>\n\t\t\t\t<\/div>\n\n\t\t\t\t<div class=\"sow-slide-nav sow-slide-nav-prev\">\n\t\t\t\t\t<a href=\"#\" data-goto=\"previous\" aria-label=\"previous slide\" data-action=\"prev\">\n\t\t\t\t\t\t<em class=\"sow-sld-icon-thin-left\"><\/em>\n\t\t\t\t\t<\/a>\n\t\t\t\t<\/div>\n\t\t\t\t<\/div><\/div><\/div><div id=\"panel-8-0-1-1\" class=\"so-panel widget widget_sow-editor panel-last-child\" data-index=\"3\" ><div class=\"so-widget-sow-editor so-widget-sow-editor-base\"><h3 class=\"widget-title\">Kontenerowy wyw\u00f3z odpad\u00f3w                             <\/h3>\n<div class=\"siteorigin-widget-tinymce textwidget\">\n\t<p>Oferujemy wyw\u00f3z \u015bmieci, gruzu oraz odpad\u00f3w na terenie Krakowa i okolicznych gmin. Dzi\u0119ki naszej ofercie profesjonalnego wywozu \u015bmieci, mo\u017cesz w ekonomiczny i ekologiczny spos\u00f3b pozby\u0107 si\u0119 zalegaj\u0105cych na twoim terenie \u015bmieci.<\/p>\n<p style=\"text-align: left;\"><span style=\"color: #f46455;\"><em><strong><a href=\"?page_id=26\">Czytaj dalej<\/a><\/strong><\/em><\/span><\/p>\n<\/div>\n<\/div><\/div><\/div><div id=\"pgc-8-0-2\"  class=\"panel-grid-cell\" ><div id=\"panel-8-0-2-0\" class=\"so-panel widget widget_sow-hero panel-first-child\" data-index=\"4\" ><div class=\"so-widget-sow-hero so-widget-sow-hero-default-414f9072ed13-8 so-widget-fittext-wrapper\" data-fit-text-compressor=\"0.85\"><div class=\"sow-slider-base\" style=\"display: none\"><ul class=\"sow-slider-images\" data-settings=\"{&quot;pagination&quot;:true,&quot;speed&quot;:800,&quot;timeout&quot;:8000,&quot;paused&quot;:false,&quot;pause_on_hover&quot;:false,&quot;swipe&quot;:true,&quot;nav_always_show_desktop&quot;:&quot;&quot;,&quot;nav_always_show_mobile&quot;:&quot;&quot;,&quot;breakpoint&quot;:&quot;780px&quot;,&quot;unmute&quot;:false}\">\t\t<li class=\"sow-slider-image  sow-slider-image-cover\" style=\"background-color: #333333;background-image: url(https:\/\/www.zabcia.com.pl\/wp-content\/uploads\/2016\/04\/Zab5-12.jpg)\" >\n\t\t\t\t\t<div class=\"sow-slider-image-container\">\n\t\t\t<div class=\"sow-slider-image-wrapper\">\n\t\t\t\t\t\t\t<\/div>\n\t\t<\/div>\n\t\t\t\t<\/li>\n\t\t\t\t<li class=\"sow-slider-image  sow-slider-image-cover\" style=\"background-color: #333333;background-image: url(https:\/\/www.zabcia.com.pl\/wp-content\/uploads\/2016\/04\/Zab5-11.jpg)\" >\n\t\t\t\t\t<div class=\"sow-slider-image-container\">\n\t\t\t<div class=\"sow-slider-image-wrapper\">\n\t\t\t\t\t\t\t<\/div>\n\t\t<\/div>\n\t\t\t\t<\/li>\n\t\t\t\t<li class=\"sow-slider-image  sow-slider-image-cover\" style=\"background-color: #333333;background-image: url(https:\/\/www.zabcia.com.pl\/wp-content\/uploads\/2016\/04\/Zab5-13.jpg)\" >\n\t\t\t\t\t<div class=\"sow-slider-image-container\">\n\t\t\t<div class=\"sow-slider-image-wrapper\">\n\t\t\t\t\t\t\t<\/div>\n\t\t<\/div>\n\t\t\t\t<\/li>\n\t\t<\/ul>\t\t\t\t<ol class=\"sow-slider-pagination\">\n\t\t\t\t\t\t\t\t\t\t\t<li><a href=\"#\" data-goto=\"0\" aria-label=\"display slide 1\"><\/a><\/li>\n\t\t\t\t\t\t\t\t\t\t\t<li><a href=\"#\" data-goto=\"1\" aria-label=\"display slide 2\"><\/a><\/li>\n\t\t\t\t\t\t\t\t\t\t\t<li><a href=\"#\" data-goto=\"2\" aria-label=\"display slide 3\"><\/a><\/li>\n\t\t\t\t\t\t\t\t\t<\/ol>\n\n\t\t\t\t<div class=\"sow-slide-nav sow-slide-nav-next\">\n\t\t\t\t\t<a href=\"#\" data-goto=\"next\" aria-label=\"next slide\" data-action=\"next\">\n\t\t\t\t\t\t<em class=\"sow-sld-icon-thin-right\"><\/em>\n\t\t\t\t\t<\/a>\n\t\t\t\t<\/div>\n\n\t\t\t\t<div class=\"sow-slide-nav sow-slide-nav-prev\">\n\t\t\t\t\t<a href=\"#\" data-goto=\"previous\" aria-label=\"previous slide\" data-action=\"prev\">\n\t\t\t\t\t\t<em class=\"sow-sld-icon-thin-left\"><\/em>\n\t\t\t\t\t<\/a>\n\t\t\t\t<\/div>\n\t\t\t\t<\/div><\/div><\/div><div id=\"panel-8-0-2-1\" class=\"so-panel widget widget_sow-editor panel-last-child\" data-index=\"5\" ><div class=\"so-widget-sow-editor so-widget-sow-editor-base\"><h3 class=\"widget-title\">Przetykanie i czyszczenie kanalizacji,  kamera inspekcyjna<\/h3>\n<div class=\"siteorigin-widget-tinymce textwidget\">\n\t<p style=\"text-align: left;\">Oferujemy przetykanie i czyszczenie kanalizacji metoda ci\u015bnieniow\u0105 WUKO, oraz us\u0142ugi kamer\u0105 inspekcyjn\u0105 do monitoringu kanalizacji i ruroci\u0105g\u00f3w.<\/p>\n<p style=\"text-align: left;\"><span style=\"color: #f46455;\"><em><strong><a href=\"?page_id=50\">Czytaj dalej<\/a><br \/><\/strong><\/em><\/span><\/p>\n<\/div>\n<\/div><\/div><\/div><\/div><\/div><div id=\"pg-8-1\"  class=\"panel-grid panel-has-style\" ><div class=\"siteorigin-panels-stretch panel-row-style panel-row-style-for-8-1\" data-stretch-type=\"full-stretched\" ><div id=\"pgc-8-1-0\"  class=\"panel-grid-cell\" ><div id=\"panel-8-1-0-0\" class=\"so-panel widget widget_sow-hero panel-first-child panel-last-child\" data-index=\"6\" ><div class=\"so-widget-sow-hero so-widget-sow-hero-default-ebfa9142bdfa-8 so-widget-fittext-wrapper\" data-fit-text-compressor=\"0.85\"><div class=\"sow-slider-base\" style=\"display: none\"><ul class=\"sow-slider-images\" data-settings=\"{&quot;pagination&quot;:true,&quot;speed&quot;:800,&quot;timeout&quot;:8000,&quot;paused&quot;:false,&quot;pause_on_hover&quot;:false,&quot;swipe&quot;:true,&quot;nav_always_show_desktop&quot;:&quot;&quot;,&quot;nav_always_show_mobile&quot;:&quot;&quot;,&quot;breakpoint&quot;:&quot;780px&quot;,&quot;unmute&quot;:false}\">\t\t<li class=\"sow-slider-image  sow-slider-image-cover\" style=\"background-color: #333333\" >\n\t\t\t\t\t<div class=\"sow-slider-image-container\">\n\t\t\t<div class=\"sow-slider-image-wrapper\">\n\t\t\t\t<h2>Kilka s\u0142\u00f3w o nas<\/h2><p>Nasza firma zajmuje si\u0119 kontenerowym wywozem gruzu, \u015bmieci, odpad\u00f3w<br \/>oraz wywozem nieczysto\u015bci, szamba, gruzu, \u015bciek\u00f3w i innymi us\u0142ugami asenizacyjnymi.<br \/><br \/>Prowadzimy dzia\u0142alno\u015b\u0107 na terenie miasta i gminy Krak\u00f3w, Wieliczki, Biskupic,<br \/>Niepo\u0142omic oraz miejscowo\u015bci o\u015bciennych.<br \/><br \/>\u015awiadczymy profesjonalne us\u0142ugi o czym mog\u0105 zapewni\u0107 nasi zadowoleni klienci.<\/p><p>Dlaczego warto nas wybra\u0107?<br \/>\u2022 wszystkie zlecenia realizujemy terminowo<br \/>\u2022 us\u0142ugi wykonywane s\u0105 solidnie i z najwy\u017csz\u0105 staranno\u015bci\u0105<br \/>\u2022 oferujemy atrakcyjne ceny<br \/>\u2022 zapewniamy indywidualne podej\u015bcie do ka\u017cdego klienta<br \/><br \/><strong>Prace ziemne koparko \u0142adowark\u0105 JCB 3CX<\/strong><br \/><strong>Us\u0142ugi Transportowe MAN TGA<\/strong><\/p>\t\t\t<\/div>\n\t\t<\/div>\n\t\t<div class=\"sow-slider-image-overlay sow-slider-image-cover\" style=\"background-image: url(https:\/\/www.zabcia.com.pl\/wp-content\/uploads\/2016\/04\/training-828732_1920.jpg);opacity: 0.72\"  ><\/div>\t\t<\/li>\n\t\t<\/ul>\t\t\t\t<ol class=\"sow-slider-pagination\">\n\t\t\t\t\t\t\t\t\t\t\t<li><a href=\"#\" data-goto=\"0\" aria-label=\"display slide 1\"><\/a><\/li>\n\t\t\t\t\t\t\t\t\t<\/ol>\n\n\t\t\t\t<div class=\"sow-slide-nav sow-slide-nav-next\">\n\t\t\t\t\t<a href=\"#\" data-goto=\"next\" aria-label=\"next slide\" data-action=\"next\">\n\t\t\t\t\t\t<em class=\"sow-sld-icon-thin-right\"><\/em>\n\t\t\t\t\t<\/a>\n\t\t\t\t<\/div>\n\n\t\t\t\t<div class=\"sow-slide-nav sow-slide-nav-prev\">\n\t\t\t\t\t<a href=\"#\" data-goto=\"previous\" aria-label=\"previous slide\" data-action=\"prev\">\n\t\t\t\t\t\t<em class=\"sow-sld-icon-thin-left\"><\/em>\n\t\t\t\t\t<\/a>\n\t\t\t\t<\/div>\n\t\t\t\t<\/div><\/div><\/div><\/div><\/div><\/div><div id=\"pg-8-2\"  class=\"panel-grid panel-has-style\" ><div class=\"panel-row-style panel-row-style-for-8-2\" ><div id=\"pgc-8-2-0\"  class=\"panel-grid-cell\" ><div id=\"panel-8-2-0-0\" class=\"so-panel widget widget_sow-features panel-first-child panel-last-child\" data-index=\"7\" ><div class=\"so-widget-sow-features so-widget-sow-features-default-b4e72bc7722b-8\">\n<div class=\"sow-features-list sow-features-responsive\">\n\n\t\t\t\n\t\t\t<div class=\"sow-features-feature sow-icon-container-position-top sow-features-feature-last-row\" style=\"width: 33.333%\">\n\n\t\t\t\t\t\t\t\t<div\n\t\t\t\t\tclass=\"sow-icon-container sow-container-none\"\n                    style=\"color: #404040; \"\n\t\t\t\t\t>\n\t\t\t\t\t<span class=\"sow-icon-fontawesome sow-fas\" data-sow-icon=\"&#xf00c;\"\n\t\tstyle=\"font-size: 48px; color: #333333\" ><\/span>\t\t\t\t<\/div>\n\t\t\t\t\n\t\t\t\t<div class=\"textwidget\">\n\t\t\t\t\t\t\t\t\t\t\t<h5>\n\t\t\t\t\t\t\t\n\t\t\t\t\t\t\tZakres dzia\u0142alno\u015bci\t\t\t\t\t\t\t\t\t\t\t\t\t<\/h5>\n\t\t\t\t\t\n\t\t\t\t\t\t\t\t\t\t\tPodstawowy teren naszego dzia\u0142ania obejmuje Krak\u00f3w, Wieliczk\u0119, Biskupice, Niepo\u0142omice oraz miejscowo\u015bci o\u015bcienne.\t\t\t\t\t\n\t\t\t\t\t\t\t\t\t<\/div>\n\t\t\t\t\t\t\t<\/div>\n\n\t\t\n\t\t\t<div class=\"sow-features-feature sow-icon-container-position-top sow-features-feature-last-row\" style=\"width: 33.333%\">\n\n\t\t\t\t\t\t\t\t<div\n\t\t\t\t\tclass=\"sow-icon-container sow-container-none\"\n                    style=\"color: #404040; \"\n\t\t\t\t\t>\n\t\t\t\t\t<span class=\"sow-icon-fontawesome sow-fas\" data-sow-icon=\"&#xf00c;\"\n\t\tstyle=\"font-size: 48px; color: #333333\" ><\/span>\t\t\t\t<\/div>\n\t\t\t\t\n\t\t\t\t<div class=\"textwidget\">\n\t\t\t\t\t\t\t\t\t\t\t<h5>\n\t\t\t\t\t\t\t\n\t\t\t\t\t\t\tSzybko - Tanio - Solidnie\t\t\t\t\t\t\t\t\t\t\t\t\t<\/h5>\n\t\t\t\t\t\n\t\t\t\t\t\t\t\t\t\t\tNasza firma dok\u0142ada wszelkich stara\u0144 aby spe\u0142ni\u0107 wszystkie wymagania naszych klient\u00f3w, a ich zadowowolenie to nasza wizyt\u00f3wka.\t\t\t\t\t\n\t\t\t\t\t\t\t\t\t<\/div>\n\t\t\t\t\t\t\t<\/div>\n\n\t\t\n\t\t\t<div class=\"sow-features-feature sow-icon-container-position-top sow-features-feature-last-row\" style=\"width: 33.333%\">\n\n\t\t\t\t\t\t\t\t<div\n\t\t\t\t\tclass=\"sow-icon-container sow-container-none\"\n                    style=\"color: #404040; \"\n\t\t\t\t\t>\n\t\t\t\t\t<span class=\"sow-icon-fontawesome sow-fas\" data-sow-icon=\"&#xf00c;\"\n\t\tstyle=\"font-size: 48px; color: #333333\" ><\/span>\t\t\t\t<\/div>\n\t\t\t\t\n\t\t\t\t<div class=\"textwidget\">\n\t\t\t\t\t\t\t\t\t\t\t<h5>\n\t\t\t\t\t\t\t\n\t\t\t\t\t\t\tPolecaj\u0105 nas\t\t\t\t\t\t\t\t\t\t\t\t\t<\/h5>\n\t\t\t\t\t\n\t\t\t\t\t\t\t\t\t\t\tMo\u017cemy poszczyci\u0107 si\u0119 100% zadowowoleniem, a ka\u017cdy kto mia\u0142 okazj\u0119 z nami wsp\u00f3\u0142pracowa\u0107 poleca nasze us\u0142ugi s\u0105siadom.\t\t\t\t\t\n\t\t\t\t\t\t\t\t\t<\/div>\n\t\t\t\t\t\t\t<\/div>\n\n\t\t\t\n<\/div>\n<\/div><\/div><\/div><\/div><\/div><\/div>","protected":false},"excerpt":{"rendered":"<p>Realizujemy us\u0142ugi wywozu p\u0142ynnych odpad\u00f3w komunalnych na rzecz klient\u00f3w instytucjonalnych oraz os\u00f3b prywatnych na wyznaczonym terenie w ramach um\u00f3w sta\u0142ych wg ustalonego harmonogramu wywozu b\u0105d\u017a na zlecenia dora\u017ane.Czytaj dalej Oferujemy wyw\u00f3z \u015bmieci, gruzu oraz odpad\u00f3w na terenie Krakowa i okolicznych gmin. Dzi\u0119ki naszej ofercie profesjonalnego wywozu \u015bmieci, mo\u017cesz w ekonomiczny i ekologiczny spos\u00f3b pozby\u0107 si\u0119 [&hellip;]<\/p>\n","protected":false},"author":1,"featured_media":0,"parent":0,"menu_order":0,"comment_status":"closed","ping_status":"closed","template":"home-panels.php","meta":[],"yoast_head":"<!-- This site is optimized with the Yoast SEO plugin v17.5 - https:\/\/yoast.com\/wordpress\/plugins\/seo\/ -->\n<title>Wyw\u00f3z gruzu, szamba, \u015bciek\u00f3w, \u015bmieci, asenizacja Krak\u00f3w, Wieliczka, Niepo\u0142omice, Gd\u00f3w - \u017babcia<\/title>\n<meta name=\"description\" content=\"Wyw\u00f3z nieczysto\u015bci p\u0142ynnych krak\u00f3w, czyszczenie kanalizacji Wieliczka, Wyw\u00f3z szamba gmina Krak\u00f3w, udra\u017cnianie kanalizacji Niepo\u0142omice, kontenerowy wyw\u00f3z gruzu, koparka Krak\u00f3w, Wieliczka, Niepo\u0142omice, Gd\u00f3w, wyw\u00f3z ziemi, wyw\u00f3z odpad\u00f3w pobudowlanych, wyw\u00f3z trawy, koparka, prace ziemne, roboty ziemne, transport ziemi, transport kruszywa, szambo, asenizacja\" \/>\n<meta name=\"robots\" content=\"index, follow, max-snippet:-1, max-image-preview:large, max-video-preview:-1\" \/>\n<link rel=\"canonical\" href=\"http:\/\/www.zabcia.com.pl\/\" \/>\n<meta property=\"og:locale\" content=\"pl_PL\" \/>\n<meta property=\"og:type\" content=\"article\" \/>\n<meta property=\"og:title\" content=\"Wyw\u00f3z gruzu, szamba, \u015bciek\u00f3w, \u015bmieci, asenizacja Krak\u00f3w, Wieliczka, Niepo\u0142omice, Gd\u00f3w - \u017babcia\" \/>\n<meta property=\"og:description\" content=\"Wyw\u00f3z nieczysto\u015bci p\u0142ynnych krak\u00f3w, czyszczenie kanalizacji Wieliczka, Wyw\u00f3z szamba gmina Krak\u00f3w, udra\u017cnianie kanalizacji Niepo\u0142omice, kontenerowy wyw\u00f3z gruzu, koparka Krak\u00f3w, Wieliczka, Niepo\u0142omice, Gd\u00f3w, wyw\u00f3z ziemi, wyw\u00f3z odpad\u00f3w pobudowlanych, wyw\u00f3z trawy, koparka, prace ziemne, roboty ziemne, transport ziemi, transport kruszywa, szambo, asenizacja\" \/>\n<meta property=\"og:url\" content=\"http:\/\/www.zabcia.com.pl\/\" \/>\n<meta property=\"og:site_name\" content=\"Zabcia\" \/>\n<meta property=\"article:modified_time\" content=\"2018-06-08T13:56:21+00:00\" \/>\n<meta name=\"twitter:card\" content=\"summary\" \/>\n<meta name=\"twitter:label1\" content=\"Szacowany czas czytania\" \/>\n\t<meta name=\"twitter:data1\" content=\"1 minuta\" \/>\n<script type=\"application\/ld+json\" class=\"yoast-schema-graph\">{\"@context\":\"https:\/\/schema.org\",\"@graph\":[{\"@type\":\"WebSite\",\"@id\":\"http:\/\/www.zabcia.com.pl\/#website\",\"url\":\"http:\/\/www.zabcia.com.pl\/\",\"name\":\"Zabcia\",\"description\":\"\",\"potentialAction\":[{\"@type\":\"SearchAction\",\"target\":{\"@type\":\"EntryPoint\",\"urlTemplate\":\"http:\/\/www.zabcia.com.pl\/?s={search_term_string}\"},\"query-input\":\"required name=search_term_string\"}],\"inLanguage\":\"pl-PL\"},{\"@type\":\"WebPage\",\"@id\":\"http:\/\/www.zabcia.com.pl\/#webpage\",\"url\":\"http:\/\/www.zabcia.com.pl\/\",\"name\":\"Wyw\\u00f3z gruzu, szamba, \\u015bciek\\u00f3w, \\u015bmieci, asenizacja Krak\\u00f3w, Wieliczka, Niepo\\u0142omice, Gd\\u00f3w - \\u017babcia\",\"isPartOf\":{\"@id\":\"http:\/\/www.zabcia.com.pl\/#website\"},\"datePublished\":\"2016-04-02T18:56:52+00:00\",\"dateModified\":\"2018-06-08T13:56:21+00:00\",\"description\":\"Wyw\\u00f3z nieczysto\\u015bci p\\u0142ynnych krak\\u00f3w, czyszczenie kanalizacji Wieliczka, Wyw\\u00f3z szamba gmina Krak\\u00f3w, udra\\u017cnianie kanalizacji Niepo\\u0142omice, kontenerowy wyw\\u00f3z gruzu, koparka Krak\\u00f3w, Wieliczka, Niepo\\u0142omice, Gd\\u00f3w, wyw\\u00f3z ziemi, wyw\\u00f3z odpad\\u00f3w pobudowlanych, wyw\\u00f3z trawy, koparka, prace ziemne, roboty ziemne, transport ziemi, transport kruszywa, szambo, asenizacja\",\"breadcrumb\":{\"@id\":\"http:\/\/www.zabcia.com.pl\/#breadcrumb\"},\"inLanguage\":\"pl-PL\",\"potentialAction\":[{\"@type\":\"ReadAction\",\"target\":[\"http:\/\/www.zabcia.com.pl\/\"]}]},{\"@type\":\"BreadcrumbList\",\"@id\":\"http:\/\/www.zabcia.com.pl\/#breadcrumb\",\"itemListElement\":[{\"@type\":\"ListItem\",\"position\":1,\"name\":\"Strona g\\u0142\\u00f3wna\",\"item\":\"http:\/\/www.zabcia.com.pl\/\"},{\"@type\":\"ListItem\",\"position\":2,\"name\":\"Strona g\\u0142\\u00f3wna\"}]}]}<\/script>\n<!-- \/ Yoast SEO plugin. -->","yoast_head_json":{"title":"Wyw\u00f3z gruzu, szamba, \u015bciek\u00f3w, \u015bmieci, asenizacja Krak\u00f3w, Wieliczka, Niepo\u0142omice, Gd\u00f3w - \u017babcia","description":"Wyw\u00f3z nieczysto\u015bci p\u0142ynnych krak\u00f3w, czyszczenie kanalizacji Wieliczka, Wyw\u00f3z szamba gmina Krak\u00f3w, udra\u017cnianie kanalizacji Niepo\u0142omice, kontenerowy wyw\u00f3z gruzu, koparka Krak\u00f3w, Wieliczka, Niepo\u0142omice, Gd\u00f3w, wyw\u00f3z ziemi, wyw\u00f3z odpad\u00f3w pobudowlanych, wyw\u00f3z trawy, koparka, prace ziemne, roboty ziemne, transport ziemi, transport kruszywa, szambo, asenizacja","robots":{"index":"index","follow":"follow","max-snippet":"max-snippet:-1","max-image-preview":"max-image-preview:large","max-video-preview":"max-video-preview:-1"},"canonical":"http:\/\/www.zabcia.com.pl\/","og_locale":"pl_PL","og_type":"article","og_title":"Wyw\u00f3z gruzu, szamba, \u015bciek\u00f3w, \u015bmieci, asenizacja Krak\u00f3w, Wieliczka, Niepo\u0142omice, Gd\u00f3w - \u017babcia","og_description":"Wyw\u00f3z nieczysto\u015bci p\u0142ynnych krak\u00f3w, czyszczenie kanalizacji Wieliczka, Wyw\u00f3z szamba gmina Krak\u00f3w, udra\u017cnianie kanalizacji Niepo\u0142omice, kontenerowy wyw\u00f3z gruzu, koparka Krak\u00f3w, Wieliczka, Niepo\u0142omice, Gd\u00f3w, wyw\u00f3z ziemi, wyw\u00f3z odpad\u00f3w pobudowlanych, wyw\u00f3z trawy, koparka, prace ziemne, roboty ziemne, transport ziemi, transport kruszywa, szambo, asenizacja","og_url":"http:\/\/www.zabcia.com.pl\/","og_site_name":"Zabcia","article_modified_time":"2018-06-08T13:56:21+00:00","twitter_card":"summary","twitter_misc":{"Szacowany czas czytania":"1 minuta"},"schema":{"@context":"https:\/\/schema.org","@graph":[{"@type":"WebSite","@id":"http:\/\/www.zabcia.com.pl\/#website","url":"http:\/\/www.zabcia.com.pl\/","name":"Zabcia","description":"","potentialAction":[{"@type":"SearchAction","target":{"@type":"EntryPoint","urlTemplate":"http:\/\/www.zabcia.com.pl\/?s={search_term_string}"},"query-input":"required name=search_term_string"}],"inLanguage":"pl-PL"},{"@type":"WebPage","@id":"http:\/\/www.zabcia.com.pl\/#webpage","url":"http:\/\/www.zabcia.com.pl\/","name":"Wyw\u00f3z gruzu, szamba, \u015bciek\u00f3w, \u015bmieci, asenizacja Krak\u00f3w, Wieliczka, Niepo\u0142omice, Gd\u00f3w - \u017babcia","isPartOf":{"@id":"http:\/\/www.zabcia.com.pl\/#website"},"datePublished":"2016-04-02T18:56:52+00:00","dateModified":"2018-06-08T13:56:21+00:00","description":"Wyw\u00f3z nieczysto\u015bci p\u0142ynnych krak\u00f3w, czyszczenie kanalizacji Wieliczka, Wyw\u00f3z szamba gmina Krak\u00f3w, udra\u017cnianie kanalizacji Niepo\u0142omice, kontenerowy wyw\u00f3z gruzu, koparka Krak\u00f3w, Wieliczka, Niepo\u0142omice, Gd\u00f3w, wyw\u00f3z ziemi, wyw\u00f3z odpad\u00f3w pobudowlanych, wyw\u00f3z trawy, koparka, prace ziemne, roboty ziemne, transport ziemi, transport kruszywa, szambo, asenizacja","breadcrumb":{"@id":"http:\/\/www.zabcia.com.pl\/#breadcrumb"},"inLanguage":"pl-PL","potentialAction":[{"@type":"ReadAction","target":["http:\/\/www.zabcia.com.pl\/"]}]},{"@type":"BreadcrumbList","@id":"http:\/\/www.zabcia.com.pl\/#breadcrumb","itemListElement":[{"@type":"ListItem","position":1,"name":"Strona g\u0142\u00f3wna","item":"http:\/\/www.zabcia.com.pl\/"},{"@type":"ListItem","position":2,"name":"Strona g\u0142\u00f3wna"}]}]}},"_links":{"self":[{"href":"https:\/\/www.zabcia.com.pl\/index.php?rest_route=\/wp\/v2\/pages\/8"}],"collection":[{"href":"https:\/\/www.zabcia.com.pl\/index.php?rest_route=\/wp\/v2\/pages"}],"about":[{"href":"https:\/\/www.zabcia.com.pl\/index.php?rest_route=\/wp\/v2\/types\/page"}],"author":[{"embeddable":true,"href":"https:\/\/www.zabcia.com.pl\/index.php?rest_route=\/wp\/v2\/users\/1"}],"replies":[{"embeddable":true,"href":"https:\/\/www.zabcia.com.pl\/index.php?rest_route=%2Fwp%2Fv2%2Fcomments&post=8"}],"version-history":[{"count":7,"href":"https:\/\/www.zabcia.com.pl\/index.php?rest_route=\/wp\/v2\/pages\/8\/revisions"}],"predecessor-version":[{"id":193,"href":"https:\/\/www.zabcia.com.pl\/index.php?rest_route=\/wp\/v2\/pages\/8\/revisions\/193"}],"wp:attachment":[{"href":"https:\/\/www.zabcia.com.pl\/index.php?rest_route=%2Fwp%2Fv2%2Fmedia&parent=8"}],"curies":[{"name":"wp","href":"https:\/\/api.w.org\/{rel}","templated":true}]}}